{"id":482,"date":"2024-03-11T21:32:50","date_gmt":"2024-03-12T00:32:50","guid":{"rendered":"https:\/\/comfer-empreendimentos.com.br\/?page_id=482"},"modified":"2024-04-10T20:59:53","modified_gmt":"2024-04-10T23:59:53","slug":"diversos","status":"publish","type":"page","link":"https:\/\/comfer-empreendimentos.com.br\/index.php\/diversos\/","title":{"rendered":"diversos"},"content":{"rendered":"<p>[et_pb_section fb_built=&#8221;1&#8243; admin_label=&#8221;Hero&#8221; _builder_version=&#8221;4.16&#8243; custom_padding=&#8221;0px|0px|0px|0px&#8221; animation_style=&#8221;zoom&#8221; animation_intensity_zoom=&#8221;4%&#8221; global_colors_info=&#8221;{}&#8221;][et_pb_row column_structure=&#8221;1_2,1_2&#8243; use_custom_gutter=&#8221;on&#8221; gutter_width=&#8221;1&#8243; make_equal=&#8221;on&#8221; module_class=&#8221; et_pb_row_fullwidth&#8221; _builder_version=&#8221;4.16&#8243; background_color=&#8221;#fcd21d&#8221; background_image=&#8221;https:\/\/comfer-empreendimentos.com.br\/wp-content\/uploads\/2024\/03\/circle-background-pattern.png&#8221; width=&#8221;100%&#8221; width_tablet=&#8221;100%&#8221; width_phone=&#8221;100%&#8221; width_last_edited=&#8221;on|desktop&#8221; max_width=&#8221;100%&#8221; max_width_tablet=&#8221;100%&#8221; max_width_phone=&#8221;100%&#8221; max_width_last_edited=&#8221;on|desktop&#8221; custom_padding=&#8221;0px||0px|&#8221; animation_style=&#8221;slide&#8221; animation_direction=&#8221;top&#8221; animation_intensity_slide=&#8221;3%&#8221; make_fullwidth=&#8221;on&#8221; global_colors_info=&#8221;{}&#8221;][et_pb_column type=&#8221;1_2&#8243; _builder_version=&#8221;4.16&#8243; custom_padding=&#8221;10%|8%|10%|8%&#8221; global_colors_info=&#8221;{}&#8221; custom_padding__hover=&#8221;|||&#8221;][et_pb_text _builder_version=&#8221;4.16&#8243; text_font=&#8221;Montserrat|500||on|||||&#8221; text_text_color=&#8221;#353740&#8243; text_font_size=&#8221;16px&#8221; text_letter_spacing=&#8221;3px&#8221; custom_margin=&#8221;||45px|&#8221; animation_style=&#8221;slide&#8221; animation_direction=&#8221;bottom&#8221; locked=&#8221;off&#8221; global_colors_info=&#8221;{}&#8221;]<\/p>\n<p>Confira nossos servi\u00e7os<\/p>\n<p>[\/et_pb_text][et_pb_text _builder_version=&#8221;4.16&#8243; text_font=&#8221;||||||||&#8221; header_font=&#8221;Montserrat|700||on|||||&#8221; header_text_color=&#8221;#f7f7f7&#8243; header_font_size=&#8221;60px&#8221; header_line_height=&#8221;1.3em&#8221; custom_margin=&#8221;||40px|&#8221; animation_style=&#8221;fade&#8221; header_font_size_last_edited=&#8221;off|desktop&#8221; locked=&#8221;off&#8221; global_colors_info=&#8221;{}&#8221;]<\/p>\n<h1>Obras<br \/><span style=\"color: #353740;\">Diversas<\/span><\/h1>\n<p>[\/et_pb_text][et_pb_text _builder_version=&#8221;4.16&#8243; text_font=&#8221;Montserrat||||&#8221; text_text_color=&#8221;#353740&#8243; text_font_size=&#8221;20px&#8221; text_line_height=&#8221;1.8em&#8221; header_font=&#8221;||||||||&#8221; custom_margin=&#8221;||50px|&#8221; animation_style=&#8221;slide&#8221; animation_direction=&#8221;top&#8221; animation_intensity_slide=&#8221;17%&#8221; locked=&#8221;off&#8221; global_colors_info=&#8221;{}&#8221;]<\/p>\n<p>Confira nossas constru\u00e7\u00f5es e reformas em locais dos mais diversos tipos.<\/p>\n<p>[\/et_pb_text][et_pb_button button_text=&#8221;Veja abaixo&#8221; _builder_version=&#8221;4.24.2&#8243; custom_button=&#8221;on&#8221; button_text_color=&#8221;#ffffff&#8221; button_border_width=&#8221;4px&#8221; button_border_color=&#8221;#ffffff&#8221; button_border_radius=&#8221;100px&#8221; button_letter_spacing=&#8221;2px&#8221; button_font=&#8221;Montserrat|on||on|&#8221; button_icon=&#8221;&#x45;||divi||400&#8243; animation_style=&#8221;fade&#8221; button_text_color_hover=&#8221;#ffffff&#8221; button_border_color_hover=&#8221;#ffffff&#8221; button_letter_spacing_hover=&#8221;2px&#8221; button_bg_color_hover=&#8221;rgba(0,0,0,0)&#8221; locked=&#8221;off&#8221; global_colors_info=&#8221;{}&#8221; button_text_size__hover_enabled=&#8221;off&#8221; button_one_text_size__hover_enabled=&#8221;off&#8221; button_two_text_size__hover_enabled=&#8221;off&#8221; button_text_color__hover_enabled=&#8221;on&#8221; button_text_color__hover=&#8221;#ffffff&#8221; button_one_text_color__hover_enabled=&#8221;off&#8221; button_two_text_color__hover_enabled=&#8221;off&#8221; button_border_width__hover_enabled=&#8221;off&#8221; button_one_border_width__hover_enabled=&#8221;off&#8221; button_two_border_width__hover_enabled=&#8221;off&#8221; button_border_color__hover_enabled=&#8221;on&#8221; button_border_color__hover=&#8221;#ffffff&#8221; button_one_border_color__hover_enabled=&#8221;off&#8221; button_two_border_color__hover_enabled=&#8221;off&#8221; button_border_radius__hover_enabled=&#8221;off&#8221; button_one_border_radius__hover_enabled=&#8221;off&#8221; button_two_border_radius__hover_enabled=&#8221;off&#8221; button_letter_spacing__hover_enabled=&#8221;on&#8221; button_letter_spacing__hover=&#8221;2px&#8221; button_one_letter_spacing__hover_enabled=&#8221;off&#8221; button_two_letter_spacing__hover_enabled=&#8221;off&#8221; button_bg_color__hover_enabled=&#8221;on&#8221; button_bg_color__hover=&#8221;rgba(0,0,0,0)&#8221; button_one_bg_color__hover_enabled=&#8221;off&#8221; button_two_bg_color__hover_enabled=&#8221;off&#8221;][\/et_pb_button][\/et_pb_column][et_pb_column type=&#8221;1_2&#8243; _builder_version=&#8221;4.16&#8243; background_image=&#8221;https:\/\/comfer-empreendimentos.com.br\/wp-content\/uploads\/2024\/03\/PA280161.jpg&#8221; parallax=&#8221;on&#8221; custom_padding=&#8221;|||&#8221; global_colors_info=&#8221;{}&#8221; custom_padding__hover=&#8221;|||&#8221;][\/et_pb_column][\/et_pb_row][\/et_pb_section][et_pb_section fb_built=&#8221;1&#8243; admin_label=&#8221;Latest Work Section&#8221; _builder_version=&#8221;4.16&#8243; background_color=&#8221;#f7f7f7&#8243; custom_padding=&#8221;110px||5px|&#8221; global_colors_info=&#8221;{}&#8221;][et_pb_row column_structure=&#8221;1_3,1_3,1_3&#8243; _builder_version=&#8221;4.16&#8243; _module_preset=&#8221;default&#8221; global_colors_info=&#8221;{}&#8221;][et_pb_column type=&#8221;1_3&#8243; _builder_version=&#8221;4.16&#8243; _module_preset=&#8221;default&#8221; global_colors_info=&#8221;{}&#8221;][et_pb_gallery gallery_ids=&#8221;507&#8243; posts_number=&#8221;1&#8243; show_title_and_caption=&#8221;off&#8221; show_pagination=&#8221;off&#8221; _builder_version=&#8221;4.24.2&#8243; _module_preset=&#8221;default&#8221; hover_enabled=&#8221;0&#8243; global_colors_info=&#8221;{}&#8221; border_radii=&#8221;on|20px|20px|20px|20px&#8221; sticky_enabled=&#8221;0&#8243;][\/et_pb_gallery][et_pb_text _builder_version=&#8221;4.16&#8243; _module_preset=&#8221;default&#8221; text_font=&#8221;|700|||||||&#8221; text_text_color=&#8221;#000000&#8243; text_font_size=&#8221;22px&#8221; text_orientation=&#8221;center&#8221; custom_margin=&#8221;-38px||||false|false&#8221; custom_margin_tablet=&#8221;-38px||||false|false&#8221; custom_margin_phone=&#8221;-38px||||false|false&#8221; custom_margin_last_edited=&#8221;on|desktop&#8221; global_colors_info=&#8221;{}&#8221;]<\/p>\n<p>Barragem &#8211; Pira\u00ed, Rj<\/p>\n<p>[\/et_pb_text][\/et_pb_column][et_pb_column type=&#8221;1_3&#8243; _builder_version=&#8221;4.16&#8243; _module_preset=&#8221;default&#8221; global_colors_info=&#8221;{}&#8221;][et_pb_gallery gallery_ids=&#8221;487,488,489,490,491,492,493,494,495,496,497&#8243; posts_number=&#8221;1&#8243; show_title_and_caption=&#8221;off&#8221; show_pagination=&#8221;off&#8221; _builder_version=&#8221;4.24.2&#8243; _module_preset=&#8221;default&#8221; hover_enabled=&#8221;0&#8243; global_colors_info=&#8221;{}&#8221; border_radii=&#8221;on|20px|20px|20px|20px&#8221; sticky_enabled=&#8221;0&#8243;][\/et_pb_gallery][et_pb_text _builder_version=&#8221;4.16&#8243; _module_preset=&#8221;default&#8221; text_font=&#8221;|700|||||||&#8221; text_text_color=&#8221;#000000&#8243; text_font_size=&#8221;22px&#8221; text_orientation=&#8221;center&#8221; custom_margin=&#8221;-38px||||false|false&#8221; custom_margin_tablet=&#8221;-38px||||false|false&#8221; custom_margin_phone=&#8221;-38px||||false|false&#8221; custom_margin_last_edited=&#8221;on|desktop&#8221; global_colors_info=&#8221;{}&#8221;]<\/p>\n<p>Escada de acesso \u00e0 biblioteca da UFRRJ &#8211; Serop\u00e9dica, Rj<\/p>\n<p>[\/et_pb_text][\/et_pb_column][et_pb_column type=&#8221;1_3&#8243; _builder_version=&#8221;4.16&#8243; _module_preset=&#8221;default&#8221; global_colors_info=&#8221;{}&#8221;][et_pb_gallery gallery_ids=&#8221;506,499,500,501,502,503,504,505&#8243; posts_number=&#8221;1&#8243; show_title_and_caption=&#8221;off&#8221; show_pagination=&#8221;off&#8221; _builder_version=&#8221;4.24.2&#8243; _module_preset=&#8221;default&#8221; hover_enabled=&#8221;0&#8243; global_colors_info=&#8221;{}&#8221; border_radii=&#8221;on|20px|20px|20px|20px&#8221; sticky_enabled=&#8221;0&#8243;][\/et_pb_gallery][et_pb_text _builder_version=&#8221;4.24.2&#8243; _module_preset=&#8221;default&#8221; text_font=&#8221;|700|||||||&#8221; text_text_color=&#8221;#000000&#8243; text_font_size=&#8221;22px&#8221; text_orientation=&#8221;center&#8221; custom_margin=&#8221;-38px||||false|false&#8221; custom_margin_tablet=&#8221;-38px||||false|false&#8221; custom_margin_phone=&#8221;-38px||||false|false&#8221; custom_margin_last_edited=&#8221;on|desktop&#8221; global_colors_info=&#8221;{}&#8221;]<\/p>\n<p>Fazenda Sobradinho &#8211; Pinheiral, RJ<\/p>\n<p>[\/et_pb_text][\/et_pb_column][\/et_pb_row][\/et_pb_section][et_pb_section fb_built=&#8221;1&#8243; use_custom_gutter=&#8221;on&#8221; gutter_width=&#8221;1&#8243; specialty=&#8221;on&#8221; background_color_1=&#8221;rgba(255,180,0,0.82)&#8221; padding_top_1=&#8221;80px&#8221; padding_right_1=&#8221;6vw&#8221; padding_bottom_1=&#8221;80px&#8221; padding_left_1=&#8221;6vw&#8221; padding_top_bottom_link_1=&#8221;true&#8221; padding_left_right_link_1=&#8221;true&#8221; padding_1_tablet=&#8221;|10%||10%||true&#8221; padding_1_phone=&#8221;&#8221; padding_1_last_edited=&#8221;on|phone&#8221; admin_label=&#8221;Footer Section&#8221; module_class=&#8221; et_pb_specialty_fullwidth&#8221; _builder_version=&#8221;4.14.8&#8243; inner_width=&#8221;100%&#8221; inner_width_tablet=&#8221;100%&#8221; inner_width_phone=&#8221;100%&#8221; inner_width_last_edited=&#8221;on|desktop&#8221; inner_max_width=&#8221;100%&#8221; inner_max_width_tablet=&#8221;100%&#8221; inner_max_width_phone=&#8221;100%&#8221; inner_max_width_last_edited=&#8221;on|desktop&#8221; custom_padding=&#8221;0px||0px||true&#8221; make_fullwidth=&#8221;on&#8221; global_module=&#8221;283&#8243; saved_tabs=&#8221;all&#8221; global_colors_info=&#8221;{}&#8221;][et_pb_column type=&#8221;1_2&#8243; _builder_version=&#8221;4.16&#8243; background_color=&#8221;#ffb400&#8243; custom_padding=&#8221;|||&#8221; global_colors_info=&#8221;{}&#8221; padding_tablet=&#8221;|10%||10%||true&#8221; padding_last_edited=&#8221;on|phone&#8221; custom_padding__hover=&#8221;|||&#8221; padding_phone=&#8221;|10%||10%||true&#8221;][et_pb_text _builder_version=&#8221;4.16&#8243; text_font=&#8221;||||||||&#8221; header_font=&#8221;||||||||&#8221; header_2_font=&#8221;Rubik|700|||||||&#8221; header_2_font_size=&#8221;42px&#8221; header_2_line_height=&#8221;1.2em&#8221; custom_margin=&#8221;|||&#8221; custom_padding=&#8221;|||&#8221; header_2_font_size_tablet=&#8221;&#8221; header_2_font_size_phone=&#8221;36px&#8221; header_2_font_size_last_edited=&#8221;on|phone&#8221; locked=&#8221;off&#8221; global_colors_info=&#8221;{}&#8221;]<\/p>\n<h2>Fale conosco!<\/h2>\n<p>[\/et_pb_text][et_pb_divider color=&#8221;#2a2a2a&#8221; divider_position=&#8221;center&#8221; divider_weight=&#8221;5px&#8221; _builder_version=&#8221;4.16&#8243; max_width=&#8221;50px&#8221; locked=&#8221;off&#8221; global_colors_info=&#8221;{}&#8221;][\/et_pb_divider][et_pb_contact_form captcha=&#8221;off&#8221; submit_button_text=&#8221;Enviar Mensagem&#8221; module_id=&#8221;et_pb_contact_form_0&#8243; _builder_version=&#8221;4.16&#8243; _unique_id=&#8221;ea5fccda-dd36-4b92-8d52-fb700466b1b3&#8243; form_field_background_color=&#8221;#ffffff&#8221; title_font=&#8221;||||||||&#8221; form_field_font=&#8221;||||||||&#8221; form_field_font_size=&#8221;14px&#8221; form_field_line_height=&#8221;1.8em&#8221; custom_button=&#8221;on&#8221; button_text_size=&#8221;14px&#8221; button_text_color=&#8221;#ffffff&#8221; button_border_width=&#8221;4px&#8221; button_border_radius=&#8221;0px&#8221; button_letter_spacing=&#8221;4px&#8221; button_font=&#8221;Rubik|700||on|||||&#8221; button_icon=&#8221;&#x24;||divi||400&#8243; custom_margin=&#8221;30px||30px||true&#8221; custom_margin_last_edited=&#8221;off|desktop&#8221; form_background_color=&#8221;#ffffff&#8221; locked=&#8221;off&#8221; global_colors_info=&#8221;{}&#8221;][et_pb_contact_field field_id=&#8221;nome&#8221; field_title=&#8221;Nome&#8221; _builder_version=&#8221;4.16&#8243; border_radii=&#8221;on|6px|6px|6px|6px&#8221; global_colors_info=&#8221;{}&#8221; button_text_size__hover_enabled=&#8221;off&#8221; button_one_text_size__hover_enabled=&#8221;off&#8221; button_two_text_size__hover_enabled=&#8221;off&#8221; button_text_color__hover_enabled=&#8221;off&#8221; button_one_text_color__hover_enabled=&#8221;off&#8221; button_two_text_color__hover_enabled=&#8221;off&#8221; button_border_width__hover_enabled=&#8221;off&#8221; button_one_border_width__hover_enabled=&#8221;off&#8221; button_two_border_width__hover_enabled=&#8221;off&#8221; button_border_color__hover_enabled=&#8221;off&#8221; button_one_border_color__hover_enabled=&#8221;off&#8221; button_two_border_color__hover_enabled=&#8221;off&#8221; button_border_radius__hover_enabled=&#8221;off&#8221; button_one_border_radius__hover_enabled=&#8221;off&#8221; button_two_border_radius__hover_enabled=&#8221;off&#8221; button_letter_spacing__hover_enabled=&#8221;off&#8221; button_one_letter_spacing__hover_enabled=&#8221;off&#8221; button_two_letter_spacing__hover_enabled=&#8221;off&#8221; button_bg_color__hover_enabled=&#8221;off&#8221; button_one_bg_color__hover_enabled=&#8221;off&#8221; button_two_bg_color__hover_enabled=&#8221;off&#8221;][\/et_pb_contact_field][et_pb_contact_field field_id=&#8221;email&#8221; field_title=&#8221;E-mail&#8221; field_type=&#8221;email&#8221; _builder_version=&#8221;4.16&#8243; border_radii=&#8221;on|6px|6px|6px|6px&#8221; global_colors_info=&#8221;{}&#8221; button_text_size__hover_enabled=&#8221;off&#8221; button_one_text_size__hover_enabled=&#8221;off&#8221; button_two_text_size__hover_enabled=&#8221;off&#8221; button_text_color__hover_enabled=&#8221;off&#8221; button_one_text_color__hover_enabled=&#8221;off&#8221; button_two_text_color__hover_enabled=&#8221;off&#8221; button_border_width__hover_enabled=&#8221;off&#8221; button_one_border_width__hover_enabled=&#8221;off&#8221; button_two_border_width__hover_enabled=&#8221;off&#8221; button_border_color__hover_enabled=&#8221;off&#8221; button_one_border_color__hover_enabled=&#8221;off&#8221; button_two_border_color__hover_enabled=&#8221;off&#8221; button_border_radius__hover_enabled=&#8221;off&#8221; button_one_border_radius__hover_enabled=&#8221;off&#8221; button_two_border_radius__hover_enabled=&#8221;off&#8221; button_letter_spacing__hover_enabled=&#8221;off&#8221; button_one_letter_spacing__hover_enabled=&#8221;off&#8221; button_two_letter_spacing__hover_enabled=&#8221;off&#8221; button_bg_color__hover_enabled=&#8221;off&#8221; button_one_bg_color__hover_enabled=&#8221;off&#8221; button_two_bg_color__hover_enabled=&#8221;off&#8221;][\/et_pb_contact_field][et_pb_contact_field field_id=&#8221;telefone&#8221; field_title=&#8221;Telefone&#8221; min_length=&#8221;9&#8243; max_length=&#8221;13&#8243; allowed_symbols=&#8221;numbers&#8221; fullwidth_field=&#8221;on&#8221; _builder_version=&#8221;4.16&#8243; _module_preset=&#8221;default&#8221; border_radii=&#8221;on|6px|6px|6px|6px&#8221; global_colors_info=&#8221;{}&#8221;][\/et_pb_contact_field][et_pb_contact_field field_id=&#8221;mensagem&#8221; field_title=&#8221;Mensagem&#8221; field_type=&#8221;text&#8221; fullwidth_field=&#8221;on&#8221; _builder_version=&#8221;4.16&#8243; border_radii=&#8221;on|5px|5px|5px|5px&#8221; global_colors_info=&#8221;{}&#8221; button_text_size__hover_enabled=&#8221;off&#8221; button_one_text_size__hover_enabled=&#8221;off&#8221; button_two_text_size__hover_enabled=&#8221;off&#8221; button_text_color__hover_enabled=&#8221;off&#8221; button_one_text_color__hover_enabled=&#8221;off&#8221; button_two_text_color__hover_enabled=&#8221;off&#8221; button_border_width__hover_enabled=&#8221;off&#8221; button_one_border_width__hover_enabled=&#8221;off&#8221; button_two_border_width__hover_enabled=&#8221;off&#8221; button_border_color__hover_enabled=&#8221;off&#8221; button_one_border_color__hover_enabled=&#8221;off&#8221; button_two_border_color__hover_enabled=&#8221;off&#8221; button_border_radius__hover_enabled=&#8221;off&#8221; button_one_border_radius__hover_enabled=&#8221;off&#8221; button_two_border_radius__hover_enabled=&#8221;off&#8221; button_letter_spacing__hover_enabled=&#8221;off&#8221; button_one_letter_spacing__hover_enabled=&#8221;off&#8221; button_two_letter_spacing__hover_enabled=&#8221;off&#8221; button_bg_color__hover_enabled=&#8221;off&#8221; button_one_bg_color__hover_enabled=&#8221;off&#8221; button_two_bg_color__hover_enabled=&#8221;off&#8221;][\/et_pb_contact_field][\/et_pb_contact_form][\/et_pb_column][et_pb_column type=&#8221;1_2&#8243; specialty_columns=&#8221;2&#8243; _builder_version=&#8221;4.16&#8243; custom_padding=&#8221;|||&#8221; global_colors_info=&#8221;{}&#8221; custom_padding__hover=&#8221;|||&#8221;][et_pb_row_inner _builder_version=&#8221;4.16&#8243; background_color=&#8221;#2a2a2a&#8221; custom_margin=&#8221;|||&#8221; custom_padding=&#8221;0px||0px||true&#8221; animation_style=&#8221;slide&#8221; animation_direction=&#8221;top&#8221; animation_intensity_slide=&#8221;10%&#8221; global_colors_info=&#8221;{}&#8221;][et_pb_column_inner saved_specialty_column_type=&#8221;1_2&#8243; _builder_version=&#8221;4.16&#8243; custom_padding=&#8221;|||&#8221; global_colors_info=&#8221;{}&#8221; custom_padding__hover=&#8221;|||&#8221;][et_pb_social_media_follow _builder_version=&#8221;4.24.2&#8243; background_color=&#8221;#f9f9f9&#8243; text_orientation=&#8221;center&#8221; custom_padding=&#8221;40px||40px||true&#8221; locked=&#8221;off&#8221; global_colors_info=&#8221;{}&#8221;][et_pb_social_media_follow_network social_network=&#8221;facebook&#8221; icon_color=&#8221;#0C71C3&#8243; _builder_version=&#8221;4.16&#8243; custom_padding=&#8221;|10px||10px||true&#8221; global_colors_info=&#8221;{}&#8221; follow_button=&#8221;off&#8221; url_new_window=&#8221;on&#8221;]facebook[\/et_pb_social_media_follow_network][et_pb_social_media_follow_network social_network=&#8221;instagram&#8221; url=&#8221;https:\/\/www.instagram.com\/comfer_empreendimentos\/&#8221; _builder_version=&#8221;4.16&#8243; background_color=&#8221;#ea2c59&#8243; custom_padding=&#8221;|10px||10px||true&#8221; global_colors_info=&#8221;{}&#8221; follow_button=&#8221;off&#8221; url_new_window=&#8221;on&#8221;]instagram[\/et_pb_social_media_follow_network][et_pb_social_media_follow_network social_network=&#8221;linkedin&#8221; icon_color=&#8221;#0C71C3&#8243; _builder_version=&#8221;4.16&#8243; custom_padding=&#8221;|10px||10px||true&#8221; global_colors_info=&#8221;{}&#8221; follow_button=&#8221;off&#8221; url_new_window=&#8221;on&#8221;]linkedin[\/et_pb_social_media_follow_network][\/et_pb_social_media_follow][\/et_pb_column_inner][\/et_pb_row_inner][et_pb_row_inner custom_padding_last_edited=&#8221;on|phone&#8221; _builder_version=&#8221;4.16&#8243; custom_padding=&#8221;30px|6vw|30px|6vw|true|true&#8221; custom_padding_tablet=&#8221;|3vw||3vw||true&#8221; custom_padding_phone=&#8221;25px||0px||false|true&#8221; global_colors_info=&#8221;{}&#8221;][et_pb_column_inner saved_specialty_column_type=&#8221;1_2&#8243; _builder_version=&#8221;4.16&#8243; custom_padding=&#8221;|||&#8221; global_colors_info=&#8221;{}&#8221; custom_padding__hover=&#8221;|||&#8221;][et_pb_blurb title=&#8221;Av. do Contorno, 6, \u00c1rea industrial &#8211; Centro Pinheiral&#8221; use_icon=&#8221;on&#8221; font_icon=&#8221;&#xe081;||divi||400&#8243; icon_color=&#8221;#E02B20&#8243; icon_placement=&#8221;left&#8221; image_icon_width=&#8221;18px&#8221; content_max_width=&#8221;1100px&#8221; _builder_version=&#8221;4.16&#8243; header_font=&#8221;Rubik||||||||&#8221; header_font_size=&#8221;16px&#8221; header_line_height=&#8221;1.2em&#8221; body_font=&#8221;||||||||&#8221; module_alignment=&#8221;center&#8221; custom_margin=&#8221;||20px|&#8221; animation=&#8221;off&#8221; icon_font_size=&#8221;18px&#8221; locked=&#8221;off&#8221; global_colors_info=&#8221;{}&#8221;][\/et_pb_blurb][et_pb_blurb title=&#8221;(24) 99993 &#8211; 3223&#8243; use_icon=&#8221;on&#8221; font_icon=&#8221;&#xe090;||divi||400&#8243; icon_color=&#8221;#0C71C3&#8243; icon_placement=&#8221;left&#8221; image_icon_width=&#8221;18px&#8221; content_max_width=&#8221;1100px&#8221; _builder_version=&#8221;4.16&#8243; header_font=&#8221;Rubik||||||||&#8221; header_font_size=&#8221;16px&#8221; header_line_height=&#8221;1.2em&#8221; body_font=&#8221;||||||||&#8221; module_alignment=&#8221;center&#8221; custom_margin=&#8221;||20px|&#8221; animation=&#8221;off&#8221; icon_font_size=&#8221;18px&#8221; locked=&#8221;off&#8221; global_colors_info=&#8221;{}&#8221;][\/et_pb_blurb][et_pb_blurb title=&#8221;contato@comfer-empreendimentos.com.br&#8221; use_icon=&#8221;on&#8221; font_icon=&#8221;&#xe076;||divi||400&#8243; icon_color=&#8221;#666666&#8243; icon_placement=&#8221;left&#8221; image_icon_width=&#8221;18px&#8221; content_max_width=&#8221;1100px&#8221; _builder_version=&#8221;4.16&#8243; header_font=&#8221;Rubik||||||||&#8221; header_font_size=&#8221;16px&#8221; header_line_height=&#8221;1.2em&#8221; body_font=&#8221;||||||||&#8221; module_alignment=&#8221;center&#8221; custom_margin=&#8221;||20px|&#8221; animation=&#8221;off&#8221; icon_font_size=&#8221;18px&#8221; locked=&#8221;off&#8221; global_colors_info=&#8221;{}&#8221;][\/et_pb_blurb][et_pb_code _builder_version=&#8221;4.16&#8243; _module_preset=&#8221;default&#8221; global_colors_info=&#8221;{}&#8221;][\/et_pb_code][et_pb_code _builder_version=&#8221;4.16&#8243; _module_preset=&#8221;default&#8221; global_colors_info=&#8221;{}&#8221;]<iframe src=\"https:\/\/www.google.com\/maps\/embed?pb=!1m18!1m12!1m3!1d3685.6452006219392!2d-43.99871458544854!3d-22.51749122975551!2m3!1f0!2f0!3f0!3m2!1i1024!2i768!4f13.1!3m3!1m2!1s0x9ebb3e7e82057f%3A0x285d0c2039818cee!2sR.%20do%20Cont%C3%B4rno%2C%206%20-%20Rolam%C3%A3o%2C%20Pinheiral%20-%20RJ%2C%2027197-000!5e0!3m2!1spt-BR!2sbr!4v1646953776162!5m2!1spt-BR!2sbr\" width=\"600\" height=\"280\" style=\"border:0;\" allowfullscreen=\"\" loading=\"lazy\"><\/iframe>[\/et_pb_code][\/et_pb_column_inner][\/et_pb_row_inner][\/et_pb_column][\/et_pb_section][et_pb_section fb_built=&#8221;1&#8243; _builder_version=&#8221;4.14.8&#8243; _module_preset=&#8221;default&#8221; background_color=&#8221;#000000&#8243; custom_padding=&#8221;11px||0px|||&#8221; global_module=&#8221;284&#8243; global_colors_info=&#8221;{}&#8221;][et_pb_row _builder_version=&#8221;4.16&#8243; _module_preset=&#8221;default&#8221; custom_padding=&#8221;0px||7px|||&#8221; global_colors_info=&#8221;{}&#8221;][et_pb_column type=&#8221;4_4&#8243; _builder_version=&#8221;4.16&#8243; _module_preset=&#8221;default&#8221; global_colors_info=&#8221;{}&#8221;][et_pb_text _builder_version=&#8221;4.16&#8243; _dynamic_attributes=&#8221;content&#8221; _module_preset=&#8221;default&#8221; text_font=&#8221;|700|||||||&#8221; text_text_color=&#8221;rgba(255,255,255,0.45)&#8221; text_orientation=&#8221;center&#8221; custom_margin=&#8221;||6px|||&#8221; custom_padding=&#8221;||0px|||&#8221; global_colors_info=&#8221;{}&#8221;]@ET-DC@eyJkeW5hbWljIjp0cnVlLCJjb250ZW50IjoiY3VycmVudF9kYXRlIiwic2V0dGluZ3MiOnsiYmVmb3JlIjoiIiwiYWZ0ZXIiOiIgfCBDb21mZXIgRW1wcmVlbmRpbWVudG9zIiwiZGF0ZV9mb3JtYXQiOiJjdXN0b20iLCJjdXN0b21fZGF0ZV9mb3JtYXQiOiJZIn19@[\/et_pb_text][et_pb_text _builder_version=&#8221;4.16&#8243; _module_preset=&#8221;default&#8221; text_font=&#8221;|700|||||||&#8221; text_font_size=&#8221;15px&#8221; custom_padding=&#8221;0px|||||&#8221; global_colors_info=&#8221;{}&#8221;]<\/p>\n<p style=\"text-align: center;\">\u00a9 Todos os direitos reservados<\/p>\n<p>[\/et_pb_text][\/et_pb_column][\/et_pb_row][\/et_pb_section]<\/p>\n","protected":false},"excerpt":{"rendered":"<p>Confira nossos servi\u00e7osObrasDiversasConfira nossas constru\u00e7\u00f5es e reformas em locais dos mais diversos tipos.Barragem &#8211; Pira\u00ed, RjEscada de acesso \u00e0 biblioteca da UFRRJ &#8211; Serop\u00e9dica, RjFazenda Sobradinho &#8211; Pinheiral, RJFale conosco!\u00a9 Todos os direitos reservados<\/p>\n","protected":false},"author":1,"featured_media":0,"parent":0,"menu_order":0,"comment_status":"closed","ping_status":"closed","template":"","meta":{"_et_pb_use_builder":"on","_et_pb_old_content":"","_et_gb_content_width":"","_joinchat":[],"footnotes":""},"class_list":["post-482","page","type-page","status-publish","hentry"],"_links":{"self":[{"href":"https:\/\/comfer-empreendimentos.com.br\/index.php\/wp-json\/wp\/v2\/pages\/482","targetHints":{"allow":["GET"]}}],"collection":[{"href":"https:\/\/comfer-empreendimentos.com.br\/index.php\/wp-json\/wp\/v2\/pages"}],"about":[{"href":"https:\/\/comfer-empreendimentos.com.br\/index.php\/wp-json\/wp\/v2\/types\/page"}],"author":[{"embeddable":true,"href":"https:\/\/comfer-empreendimentos.com.br\/index.php\/wp-json\/wp\/v2\/users\/1"}],"replies":[{"embeddable":true,"href":"https:\/\/comfer-empreendimentos.com.br\/index.php\/wp-json\/wp\/v2\/comments?post=482"}],"version-history":[{"count":7,"href":"https:\/\/comfer-empreendimentos.com.br\/index.php\/wp-json\/wp\/v2\/pages\/482\/revisions"}],"predecessor-version":[{"id":5353,"href":"https:\/\/comfer-empreendimentos.com.br\/index.php\/wp-json\/wp\/v2\/pages\/482\/revisions\/5353"}],"wp:attachment":[{"href":"https:\/\/comfer-empreendimentos.com.br\/index.php\/wp-json\/wp\/v2\/media?parent=482"}],"curies":[{"name":"wp","href":"https:\/\/api.w.org\/{rel}","templated":true}]}}